{"id":1249,"date":"2023-07-17T13:22:23","date_gmt":"2023-07-17T11:22:23","guid":{"rendered":"https:\/\/neptunoboats.com\/?page_id=1249"},"modified":"2023-07-17T13:41:40","modified_gmt":"2023-07-17T11:41:40","slug":"terminos-y-condiciones-de-reserva","status":"publish","type":"page","link":"https:\/\/neptunoboats.com\/es\/terminos-y-condiciones-de-reserva\/","title":{"rendered":"T\u00c9RMINOS Y CONDICIONES DE RESERVA"},"content":{"rendered":"\t\t<div data-elementor-type=\"wp-page\" data-elementor-id=\"1249\" class=\"elementor elementor-1249 elementor-1239\" data-elementor-post-type=\"page\">\n\t\t\t\t\t\t<section class=\"elementor-section elementor-top-section elementor-element elementor-element-b96526f elementor-section-boxed elementor-section-height-default elementor-section-height-default\" data-id=\"b96526f\" data-element_type=\"section\" data-e-type=\"section\">\n\t\t\t\t\t\t<div class=\"elementor-container elementor-column-gap-default\">\n\t\t\t\t\t<div class=\"elementor-column elementor-col-100 elementor-top-column elementor-element elementor-element-a23e86d\" data-id=\"a23e86d\" data-element_type=\"column\" data-e-type=\"column\">\n\t\t\t<div class=\"elementor-widget-wrap elementor-element-populated\">\n\t\t\t\t\t\t<div class=\"elementor-element elementor-element-3deb693 elementor-widget elementor-widget-heading\" data-id=\"3deb693\" data-element_type=\"widget\" data-e-type=\"widget\" data-widget_type=\"heading.default\">\n\t\t\t\t<div class=\"elementor-widget-container\">\n\t\t\t\t\t<h4 class=\"elementor-heading-title elementor-size-default\">T\u00c9RMINOS Y CONDICIONES DE RESERVA PARA ALQUILER (ALQUILER DE BARCOS A MOTOR)<\/h4>\t\t\t\t<\/div>\n\t\t\t\t<\/div>\n\t\t\t\t<div class=\"elementor-element elementor-element-38ac65a elementor-widget elementor-widget-text-editor\" data-id=\"38ac65a\" data-element_type=\"widget\" data-e-type=\"widget\" data-widget_type=\"text-editor.default\">\n\t\t\t\t<div class=\"elementor-widget-container\">\n\t\t\t\t\t\t\t\t\t<p><span style=\"font-weight: 400;\">A petici\u00f3n de los clientes y pre-reserva, ofrecemos mantener la pre-reserva durante cinco d\u00edas h\u00e1biles. Si el cliente no confirma esta opci\u00f3n de reserva completa dentro de los cinco d\u00edas h\u00e1biles, se cancela autom\u00e1ticamente. Una reserva completa es una reserva fija, despu\u00e9s de que el cliente nos env\u00ede por correo electr\u00f3nico el contrato firmado. Mediante la confirmaci\u00f3n de la reserva se solicita el 50% del importe total.<\/span><\/p><p><span style=\"font-weight: 400;\">El d\u00eda de la reserva, el cliente debe pagar el 50% restante del importe, m\u00e1s cualquier extra como comida, bebidas extra, chef, marinero, etc\u2026 (el agua y algunos refrescos los proporciona la empresa).<\/span><\/p><ul><li style=\"font-weight: 400;\" aria-level=\"1\"><span style=\"font-weight: 400;\">El precio incluye: impuestos, seguro de la embarcaci\u00f3n y de los ocupantes, ropa de cama, toallas, refrescos y agua.<\/span><\/li><li style=\"font-weight: 400;\" aria-level=\"1\"><span style=\"font-weight: 400;\">El precio no incluye: combustible, amarres fuera de la base del barco, limpieza, comida o bebidas alcoh\u00f3licas y capit\u00e1n (salvo que en los detalles del barco se especifique expl\u00edcitamente lo contrario).<\/span><\/li><\/ul><p>\u00a0<\/p><p><span style=\"font-weight: 400;\">Las embarcaciones se entregar\u00e1n con los tanques de combustible llenos y deben ser devueltas en las mismas condiciones, de lo contrario Neptuno Boats lo redistribuye utilizando el monto faltante del dep\u00f3sito.<\/span><\/p><p>\u00a0<\/p><p><span style=\"font-weight: 400;\">Todos los pagos, incluido el dep\u00f3sito realizado en nuestro sitio web o con nuestro agente, deben ser en efectivo, tarjeta de d\u00e9bito o cr\u00e9dito (el pago con BitCoin tambi\u00e9n estar\u00e1 disponible). La mayor\u00eda de nuestros barcos vienen con un patr\u00f3n profesional. Para los que no requieren patr\u00f3n Al menos un miembro de la tripulaci\u00f3n debe tener una licencia, v\u00e1lida para el tama\u00f1o y motor de la embarcaci\u00f3n y reconocida por las autoridades competentes. De lo contrario, el cliente deber\u00e1 utilizar el servicio de un patr\u00f3n profesional.<\/span><\/p><p>\u00a0<\/p><p><span style=\"font-weight: 400;\">Si la embarcaci\u00f3n no estuviera disponible para el cliente durante el per\u00edodo de fletamento como resultado de aver\u00edas durante el per\u00edodo de fletamento anterior o por cualquier otra raz\u00f3n fuera del control de Neptuno Boat S.L. Entregaremos al cliente otra embarcaci\u00f3n equivalente en dimensiones, rango de precio o con la misma capacidad para el n\u00famero de tripulantes a bordo.<\/span><\/p><p>\u00a0<\/p><p><span style=\"font-weight: 400;\">Para todos los pagos que deban realizarse mediante transferencia bancaria, utilice nuestra siguiente cuenta bancaria:<\/span><\/p><p><span style=\"font-weight: 400;\">NOMBRE: MIGUEL PALOMARES BERNAD<\/span><\/p><p><span style=\"font-weight: 400;\">IBAN: ES74 2100 4440 7102 00058493<\/span><\/p><p><span style=\"font-weight: 400;\">B.I.C: CAIXESBBXXX<\/span><\/p>\t\t\t\t\t\t\t\t<\/div>\n\t\t\t\t<\/div>\n\t\t\t\t\t<\/div>\n\t\t<\/div>\n\t\t\t\t\t<\/div>\n\t\t<\/section>\n\t\t\t\t<\/div>\n\t\t","protected":false},"excerpt":{"rendered":"<p>T\u00c9RMINOS Y CONDICIONES DE RESERVA PARA ALQUILER (ALQUILER DE BARCOS A MOTOR) A petici\u00f3n de los clientes y pre-reserva, ofrecemos mantener la pre-reserva durante cinco d\u00edas h\u00e1biles. Si el cliente no confirma esta opci\u00f3n de reserva completa dentro de los cinco d\u00edas h\u00e1biles, se cancela autom\u00e1ticamente. Una reserva completa es una reserva fija, despu\u00e9s de [&hellip;]<\/p>\n","protected":false},"author":1,"featured_media":0,"parent":0,"menu_order":0,"comment_status":"closed","ping_status":"closed","template":"","meta":{"_acf_changed":false,"_joinchat":{"telephone":"+34663466978"},"footnotes":""},"class_list":["post-1249","page","type-page","status-publish","hentry"],"acf":[],"yoast_head":"<!-- This site is optimized with the Yoast SEO plugin v27.4 - https:\/\/yoast.com\/product\/yoast-seo-wordpress\/ -->\n<title>T\u00c9RMINOS Y CONDICIONES DE RESERVA - Neptuno Boats<\/title>\n<meta name=\"robots\" content=\"index, follow, max-snippet:-1, max-image-preview:large, max-video-preview:-1\" \/>\n<link rel=\"canonical\" href=\"https:\/\/neptunoboats.com\/terms-conditions\/\" \/>\n<meta property=\"og:locale\" content=\"es_ES\" \/>\n<meta property=\"og:type\" content=\"article\" \/>\n<meta property=\"og:title\" content=\"T\u00c9RMINOS Y CONDICIONES DE RESERVA - Neptuno Boats\" \/>\n<meta property=\"og:description\" content=\"T\u00c9RMINOS Y CONDICIONES DE RESERVA PARA ALQUILER (ALQUILER DE BARCOS A MOTOR) A petici\u00f3n de los clientes y pre-reserva, ofrecemos mantener la pre-reserva durante cinco d\u00edas h\u00e1biles. Si el cliente no confirma esta opci\u00f3n de reserva completa dentro de los cinco d\u00edas h\u00e1biles, se cancela autom\u00e1ticamente. Una reserva completa es una reserva fija, despu\u00e9s de [&hellip;]\" \/>\n<meta property=\"og:url\" content=\"https:\/\/neptunoboats.com\/terms-conditions\/\" \/>\n<meta property=\"og:site_name\" content=\"Neptuno Boats\" \/>\n<meta property=\"article:modified_time\" content=\"2023-07-17T11:41:40+00:00\" \/>\n<meta name=\"twitter:card\" content=\"summary_large_image\" \/>\n<meta name=\"twitter:label1\" content=\"Tiempo de lectura\" \/>\n\t<meta name=\"twitter:data1\" content=\"2 minutos\" \/>\n<script type=\"application\/ld+json\" class=\"yoast-schema-graph\">{\"@context\":\"https:\\\/\\\/schema.org\",\"@graph\":[{\"@type\":\"WebPage\",\"@id\":\"https:\\\/\\\/neptunoboats.com\\\/terms-conditions\\\/\",\"url\":\"https:\\\/\\\/neptunoboats.com\\\/terms-conditions\\\/\",\"name\":\"T\u00c9RMINOS Y CONDICIONES DE RESERVA - Neptuno Boats\",\"isPartOf\":{\"@id\":\"https:\\\/\\\/neptunoboats.com\\\/#website\"},\"datePublished\":\"2023-07-17T11:22:23+00:00\",\"dateModified\":\"2023-07-17T11:41:40+00:00\",\"breadcrumb\":{\"@id\":\"https:\\\/\\\/neptunoboats.com\\\/terms-conditions\\\/#breadcrumb\"},\"inLanguage\":\"es\",\"potentialAction\":[{\"@type\":\"ReadAction\",\"target\":[\"https:\\\/\\\/neptunoboats.com\\\/terms-conditions\\\/\"]}]},{\"@type\":\"BreadcrumbList\",\"@id\":\"https:\\\/\\\/neptunoboats.com\\\/terms-conditions\\\/#breadcrumb\",\"itemListElement\":[{\"@type\":\"ListItem\",\"position\":1,\"name\":\"Portada\",\"item\":\"https:\\\/\\\/neptunoboats.com\\\/\"},{\"@type\":\"ListItem\",\"position\":2,\"name\":\"T\u00c9RMINOS Y CONDICIONES DE RESERVA\"}]},{\"@type\":\"WebSite\",\"@id\":\"https:\\\/\\\/neptunoboats.com\\\/#website\",\"url\":\"https:\\\/\\\/neptunoboats.com\\\/\",\"name\":\"Neptuno Boats\",\"description\":\"Charter, alquiler y venta de embarcaciones\",\"publisher\":{\"@id\":\"https:\\\/\\\/neptunoboats.com\\\/#organization\"},\"potentialAction\":[{\"@type\":\"SearchAction\",\"target\":{\"@type\":\"EntryPoint\",\"urlTemplate\":\"https:\\\/\\\/neptunoboats.com\\\/?s={search_term_string}\"},\"query-input\":{\"@type\":\"PropertyValueSpecification\",\"valueRequired\":true,\"valueName\":\"search_term_string\"}}],\"inLanguage\":\"es\"},{\"@type\":\"Organization\",\"@id\":\"https:\\\/\\\/neptunoboats.com\\\/#organization\",\"name\":\"Neptuno Boats\",\"url\":\"https:\\\/\\\/neptunoboats.com\\\/\",\"logo\":{\"@type\":\"ImageObject\",\"inLanguage\":\"es\",\"@id\":\"https:\\\/\\\/neptunoboats.com\\\/#\\\/schema\\\/logo\\\/image\\\/\",\"url\":\"https:\\\/\\\/neptunoboats.com\\\/wp-content\\\/uploads\\\/2023\\\/05\\\/cropped-Logo-neptuno-boats.png\",\"contentUrl\":\"https:\\\/\\\/neptunoboats.com\\\/wp-content\\\/uploads\\\/2023\\\/05\\\/cropped-Logo-neptuno-boats.png\",\"width\":297,\"height\":85,\"caption\":\"Neptuno Boats\"},\"image\":{\"@id\":\"https:\\\/\\\/neptunoboats.com\\\/#\\\/schema\\\/logo\\\/image\\\/\"}}]}<\/script>\n<!-- \/ Yoast SEO plugin. -->","yoast_head_json":{"title":"T\u00c9RMINOS Y CONDICIONES DE RESERVA - Neptuno Boats","robots":{"index":"index","follow":"follow","max-snippet":"max-snippet:-1","max-image-preview":"max-image-preview:large","max-video-preview":"max-video-preview:-1"},"canonical":"https:\/\/neptunoboats.com\/terms-conditions\/","og_locale":"es_ES","og_type":"article","og_title":"T\u00c9RMINOS Y CONDICIONES DE RESERVA - Neptuno Boats","og_description":"T\u00c9RMINOS Y CONDICIONES DE RESERVA PARA ALQUILER (ALQUILER DE BARCOS A MOTOR) A petici\u00f3n de los clientes y pre-reserva, ofrecemos mantener la pre-reserva durante cinco d\u00edas h\u00e1biles. Si el cliente no confirma esta opci\u00f3n de reserva completa dentro de los cinco d\u00edas h\u00e1biles, se cancela autom\u00e1ticamente. Una reserva completa es una reserva fija, despu\u00e9s de [&hellip;]","og_url":"https:\/\/neptunoboats.com\/terms-conditions\/","og_site_name":"Neptuno Boats","article_modified_time":"2023-07-17T11:41:40+00:00","twitter_card":"summary_large_image","twitter_misc":{"Tiempo de lectura":"2 minutos"},"schema":{"@context":"https:\/\/schema.org","@graph":[{"@type":"WebPage","@id":"https:\/\/neptunoboats.com\/terms-conditions\/","url":"https:\/\/neptunoboats.com\/terms-conditions\/","name":"T\u00c9RMINOS Y CONDICIONES DE RESERVA - Neptuno Boats","isPartOf":{"@id":"https:\/\/neptunoboats.com\/#website"},"datePublished":"2023-07-17T11:22:23+00:00","dateModified":"2023-07-17T11:41:40+00:00","breadcrumb":{"@id":"https:\/\/neptunoboats.com\/terms-conditions\/#breadcrumb"},"inLanguage":"es","potentialAction":[{"@type":"ReadAction","target":["https:\/\/neptunoboats.com\/terms-conditions\/"]}]},{"@type":"BreadcrumbList","@id":"https:\/\/neptunoboats.com\/terms-conditions\/#breadcrumb","itemListElement":[{"@type":"ListItem","position":1,"name":"Portada","item":"https:\/\/neptunoboats.com\/"},{"@type":"ListItem","position":2,"name":"T\u00c9RMINOS Y CONDICIONES DE RESERVA"}]},{"@type":"WebSite","@id":"https:\/\/neptunoboats.com\/#website","url":"https:\/\/neptunoboats.com\/","name":"Neptuno Boats","description":"Charter, alquiler y venta de embarcaciones","publisher":{"@id":"https:\/\/neptunoboats.com\/#organization"},"potentialAction":[{"@type":"SearchAction","target":{"@type":"EntryPoint","urlTemplate":"https:\/\/neptunoboats.com\/?s={search_term_string}"},"query-input":{"@type":"PropertyValueSpecification","valueRequired":true,"valueName":"search_term_string"}}],"inLanguage":"es"},{"@type":"Organization","@id":"https:\/\/neptunoboats.com\/#organization","name":"Neptuno Boats","url":"https:\/\/neptunoboats.com\/","logo":{"@type":"ImageObject","inLanguage":"es","@id":"https:\/\/neptunoboats.com\/#\/schema\/logo\/image\/","url":"https:\/\/neptunoboats.com\/wp-content\/uploads\/2023\/05\/cropped-Logo-neptuno-boats.png","contentUrl":"https:\/\/neptunoboats.com\/wp-content\/uploads\/2023\/05\/cropped-Logo-neptuno-boats.png","width":297,"height":85,"caption":"Neptuno Boats"},"image":{"@id":"https:\/\/neptunoboats.com\/#\/schema\/logo\/image\/"}}]}},"_links":{"self":[{"href":"https:\/\/neptunoboats.com\/es\/wp-json\/wp\/v2\/pages\/1249","targetHints":{"allow":["GET"]}}],"collection":[{"href":"https:\/\/neptunoboats.com\/es\/wp-json\/wp\/v2\/pages"}],"about":[{"href":"https:\/\/neptunoboats.com\/es\/wp-json\/wp\/v2\/types\/page"}],"author":[{"embeddable":true,"href":"https:\/\/neptunoboats.com\/es\/wp-json\/wp\/v2\/users\/1"}],"replies":[{"embeddable":true,"href":"https:\/\/neptunoboats.com\/es\/wp-json\/wp\/v2\/comments?post=1249"}],"version-history":[{"count":8,"href":"https:\/\/neptunoboats.com\/es\/wp-json\/wp\/v2\/pages\/1249\/revisions"}],"predecessor-version":[{"id":1279,"href":"https:\/\/neptunoboats.com\/es\/wp-json\/wp\/v2\/pages\/1249\/revisions\/1279"}],"wp:attachment":[{"href":"https:\/\/neptunoboats.com\/es\/wp-json\/wp\/v2\/media?parent=1249"}],"curies":[{"name":"wp","href":"https:\/\/api.w.org\/{rel}","templated":true}]}}