{"id":1244,"date":"2023-07-17T13:22:23","date_gmt":"2023-07-17T11:22:23","guid":{"rendered":"https:\/\/neptunoboats.com\/?page_id=1244"},"modified":"2023-07-17T13:41:09","modified_gmt":"2023-07-17T11:41:09","slug":"buchungsbedingungen","status":"publish","type":"page","link":"https:\/\/neptunoboats.com\/de\/buchungsbedingungen\/","title":{"rendered":"BUCHUNGSBEDINGUNGEN"},"content":{"rendered":"\t\t<div data-elementor-type=\"wp-page\" data-elementor-id=\"1244\" class=\"elementor elementor-1244 elementor-1239\" data-elementor-post-type=\"page\">\n\t\t\t\t\t\t<section class=\"elementor-section elementor-top-section elementor-element elementor-element-b96526f elementor-section-boxed elementor-section-height-default elementor-section-height-default\" data-id=\"b96526f\" data-element_type=\"section\" data-e-type=\"section\">\n\t\t\t\t\t\t<div class=\"elementor-container elementor-column-gap-default\">\n\t\t\t\t\t<div class=\"elementor-column elementor-col-100 elementor-top-column elementor-element elementor-element-a23e86d\" data-id=\"a23e86d\" data-element_type=\"column\" data-e-type=\"column\">\n\t\t\t<div class=\"elementor-widget-wrap elementor-element-populated\">\n\t\t\t\t\t\t<div class=\"elementor-element elementor-element-3deb693 elementor-widget elementor-widget-heading\" data-id=\"3deb693\" data-element_type=\"widget\" data-e-type=\"widget\" data-widget_type=\"heading.default\">\n\t\t\t\t<div class=\"elementor-widget-container\">\n\t\t\t\t\t<h4 class=\"elementor-heading-title elementor-size-default\">BUCHUNGSBEDINGUNGEN F\u00dcR DIE MOTORBOOTVERMIETUNG<\/h4>\t\t\t\t<\/div>\n\t\t\t\t<\/div>\n\t\t\t\t<div class=\"elementor-element elementor-element-38ac65a elementor-widget elementor-widget-text-editor\" data-id=\"38ac65a\" data-element_type=\"widget\" data-e-type=\"widget\" data-widget_type=\"text-editor.default\">\n\t\t\t\t<div class=\"elementor-widget-container\">\n\t\t\t\t\t\t\t\t\t<p><span style=\"font-weight: 400;\">Auf Kundenwunsch und Vorreservierung bieten wir die M\u00f6glichkeit, die Vorreservierung f\u00fcr f\u00fcnf Werktage aufrechtzuerhalten. Wenn der Kunde diese Option nicht innerhalb der f\u00fcnf Werktage best\u00e4tigt, wird sie automatisch storniert. Eine vollst\u00e4ndige Reservierung liegt vor, wenn der Kunde uns den unterzeichneten Vertrag per E-Mail zusendet.<\/span><\/p><p><span style=\"font-weight: 400;\">Bei Reservierungsbest\u00e4tigung ist eine Anzahlung von 50 % des Gesamtbetrags erforderlich. Am Tag der Reservierung muss der Kunde die restlichen 50 % des Betrags zuz\u00fcglich etwaiger Extras wie Verpflegung, zus\u00e4tzliche Getr\u00e4nke, Koch, Crewmitglied usw. bezahlen (Wasser und einige Softdrinks werden vom Unternehmen gestellt).<\/span><\/p><ul><li style=\"font-weight: 400;\" aria-level=\"1\"><span style=\"font-weight: 400;\">Der Preis beinhaltet: Steuern, Versicherung f\u00fcr das Schiff und die Insassen, Bettw\u00e4sche, Handt\u00fccher, Erfrischungen und Wasser.<\/span><\/li><li style=\"font-weight: 400;\" aria-level=\"1\"><span style=\"font-weight: 400;\">Der Preis beinhaltet nicht: Treibstoff, Liegepl\u00e4tze au\u00dferhalb der Basis des Bootes, Reinigung, Verpflegung oder alkoholische Getr\u00e4nke sowie den Kapit\u00e4n (sofern nicht explizit in den Bootsdetails anders angegeben).<\/span><\/li><\/ul><p>\u00a0<\/p><p><span style=\"font-weight: 400;\">Die Boote werden mit vollem Tank \u00fcbergeben und m\u00fcssen in demselben Zustand zur\u00fcckgegeben werden, andernfalls wird Neptuno Boats den fehlenden Betrag aus der Kaution einbehalten.<\/span><\/p><p>\u00a0<\/p><p><span style=\"font-weight: 400;\">Alle Zahlungen, einschlie\u00dflich der auf unserer Website oder \u00fcber unseren Agenten geleisteten Anzahlung, m\u00fcssen in bar, mit EC-Karte oder Kreditkarte erfolgen (Zahlung mit BitCoin ist ebenfalls m\u00f6glich). Die meisten unserer Boote sind mit einem professionellen Skipper ausgestattet. Falls kein Skipper erforderlich ist, muss mindestens ein Crewmitglied \u00fcber eine g\u00fcltige Lizenz f\u00fcr die Gr\u00f6\u00dfe und den Motor des Bootes verf\u00fcgen, die von den zust\u00e4ndigen Beh\u00f6rden anerkannt wird. Andernfalls muss der Kunde den Service eines professionellen Skippers nutzen.<\/span><\/p><p>\u00a0<\/p><p><span style=\"font-weight: 400;\">Falls das Boot w\u00e4hrend des Charterzeitraums aufgrund von Sch\u00e4den aus dem vorherigen Charterzeitraum oder aus anderen Gr\u00fcnden, die au\u00dferhalb der Kontrolle von Neptuno Boat S.L. liegen, nicht verf\u00fcgbar ist, stellen wir dem Kunden ein gleichwertiges Boot in Bezug auf Gr\u00f6\u00dfe, Preisklasse oder Kapazit\u00e4t f\u00fcr die Anzahl der Besatzungsmitglieder zur Verf\u00fcgung.<\/span><\/p><p>\u00a0<\/p><p><span style=\"font-weight: 400;\">F\u00fcr alle Zahlungen per Bank\u00fcberweisung verwenden Sie bitte folgendes Bankkonto:<\/span><\/p><p><span style=\"font-weight: 400;\">NAME: MIGUEL PALOMARES BERNAD<\/span><\/p><p><span style=\"font-weight: 400;\">IBAN: ES74 2100 4440 7102 00058493<\/span><\/p><p><span style=\"font-weight: 400;\">B.I.C: CAIXESBBXXX<\/span><\/p>\t\t\t\t\t\t\t\t<\/div>\n\t\t\t\t<\/div>\n\t\t\t\t\t<\/div>\n\t\t<\/div>\n\t\t\t\t\t<\/div>\n\t\t<\/section>\n\t\t\t\t<\/div>\n\t\t","protected":false},"excerpt":{"rendered":"<p>BUCHUNGSBEDINGUNGEN F\u00dcR DIE MOTORBOOTVERMIETUNG Auf Kundenwunsch und Vorreservierung bieten wir die M\u00f6glichkeit, die Vorreservierung f\u00fcr f\u00fcnf Werktage aufrechtzuerhalten. Wenn der Kunde diese Option nicht innerhalb der f\u00fcnf Werktage best\u00e4tigt, wird sie automatisch storniert. Eine vollst\u00e4ndige Reservierung liegt vor, wenn der Kunde uns den unterzeichneten Vertrag per E-Mail zusendet. Bei Reservierungsbest\u00e4tigung ist eine Anzahlung von 50 [&hellip;]<\/p>\n","protected":false},"author":1,"featured_media":0,"parent":0,"menu_order":0,"comment_status":"closed","ping_status":"closed","template":"","meta":{"_acf_changed":false,"_joinchat":{"telephone":"+34663466978"},"footnotes":""},"class_list":["post-1244","page","type-page","status-publish","hentry"],"acf":[],"yoast_head":"<!-- This site is optimized with the Yoast SEO plugin v27.4 - https:\/\/yoast.com\/product\/yoast-seo-wordpress\/ -->\n<title>BUCHUNGSBEDINGUNGEN - Neptuno Boats<\/title>\n<meta name=\"robots\" content=\"index, follow, max-snippet:-1, max-image-preview:large, max-video-preview:-1\" \/>\n<link rel=\"canonical\" href=\"https:\/\/neptunoboats.com\/terms-conditions\/\" \/>\n<meta property=\"og:locale\" content=\"de_DE\" \/>\n<meta property=\"og:type\" content=\"article\" \/>\n<meta property=\"og:title\" content=\"BUCHUNGSBEDINGUNGEN - Neptuno Boats\" \/>\n<meta property=\"og:description\" content=\"BUCHUNGSBEDINGUNGEN F\u00dcR DIE MOTORBOOTVERMIETUNG Auf Kundenwunsch und Vorreservierung bieten wir die M\u00f6glichkeit, die Vorreservierung f\u00fcr f\u00fcnf Werktage aufrechtzuerhalten. Wenn der Kunde diese Option nicht innerhalb der f\u00fcnf Werktage best\u00e4tigt, wird sie automatisch storniert. Eine vollst\u00e4ndige Reservierung liegt vor, wenn der Kunde uns den unterzeichneten Vertrag per E-Mail zusendet. Bei Reservierungsbest\u00e4tigung ist eine Anzahlung von 50 [&hellip;]\" \/>\n<meta property=\"og:url\" content=\"https:\/\/neptunoboats.com\/terms-conditions\/\" \/>\n<meta property=\"og:site_name\" content=\"Neptuno Boats\" \/>\n<meta property=\"article:modified_time\" content=\"2023-07-17T11:41:09+00:00\" \/>\n<meta name=\"twitter:card\" content=\"summary_large_image\" \/>\n<meta name=\"twitter:label1\" content=\"Gesch\u00e4tzte Lesezeit\" \/>\n\t<meta name=\"twitter:data1\" content=\"2\u00a0Minuten\" \/>\n<script type=\"application\/ld+json\" class=\"yoast-schema-graph\">{\"@context\":\"https:\\\/\\\/schema.org\",\"@graph\":[{\"@type\":\"WebPage\",\"@id\":\"https:\\\/\\\/neptunoboats.com\\\/terms-conditions\\\/\",\"url\":\"https:\\\/\\\/neptunoboats.com\\\/terms-conditions\\\/\",\"name\":\"BUCHUNGSBEDINGUNGEN - Neptuno Boats\",\"isPartOf\":{\"@id\":\"https:\\\/\\\/neptunoboats.com\\\/#website\"},\"datePublished\":\"2023-07-17T11:22:23+00:00\",\"dateModified\":\"2023-07-17T11:41:09+00:00\",\"breadcrumb\":{\"@id\":\"https:\\\/\\\/neptunoboats.com\\\/terms-conditions\\\/#breadcrumb\"},\"inLanguage\":\"de\",\"potentialAction\":[{\"@type\":\"ReadAction\",\"target\":[\"https:\\\/\\\/neptunoboats.com\\\/terms-conditions\\\/\"]}]},{\"@type\":\"BreadcrumbList\",\"@id\":\"https:\\\/\\\/neptunoboats.com\\\/terms-conditions\\\/#breadcrumb\",\"itemListElement\":[{\"@type\":\"ListItem\",\"position\":1,\"name\":\"Portada\",\"item\":\"https:\\\/\\\/neptunoboats.com\\\/\"},{\"@type\":\"ListItem\",\"position\":2,\"name\":\"BUCHUNGSBEDINGUNGEN\"}]},{\"@type\":\"WebSite\",\"@id\":\"https:\\\/\\\/neptunoboats.com\\\/#website\",\"url\":\"https:\\\/\\\/neptunoboats.com\\\/\",\"name\":\"Neptuno Boats\",\"description\":\"Charter, alquiler y venta de embarcaciones\",\"publisher\":{\"@id\":\"https:\\\/\\\/neptunoboats.com\\\/#organization\"},\"potentialAction\":[{\"@type\":\"SearchAction\",\"target\":{\"@type\":\"EntryPoint\",\"urlTemplate\":\"https:\\\/\\\/neptunoboats.com\\\/?s={search_term_string}\"},\"query-input\":{\"@type\":\"PropertyValueSpecification\",\"valueRequired\":true,\"valueName\":\"search_term_string\"}}],\"inLanguage\":\"de\"},{\"@type\":\"Organization\",\"@id\":\"https:\\\/\\\/neptunoboats.com\\\/#organization\",\"name\":\"Neptuno Boats\",\"url\":\"https:\\\/\\\/neptunoboats.com\\\/\",\"logo\":{\"@type\":\"ImageObject\",\"inLanguage\":\"de\",\"@id\":\"https:\\\/\\\/neptunoboats.com\\\/#\\\/schema\\\/logo\\\/image\\\/\",\"url\":\"https:\\\/\\\/neptunoboats.com\\\/wp-content\\\/uploads\\\/2023\\\/05\\\/cropped-Logo-neptuno-boats.png\",\"contentUrl\":\"https:\\\/\\\/neptunoboats.com\\\/wp-content\\\/uploads\\\/2023\\\/05\\\/cropped-Logo-neptuno-boats.png\",\"width\":297,\"height\":85,\"caption\":\"Neptuno Boats\"},\"image\":{\"@id\":\"https:\\\/\\\/neptunoboats.com\\\/#\\\/schema\\\/logo\\\/image\\\/\"}}]}<\/script>\n<!-- \/ Yoast SEO plugin. -->","yoast_head_json":{"title":"BUCHUNGSBEDINGUNGEN - Neptuno Boats","robots":{"index":"index","follow":"follow","max-snippet":"max-snippet:-1","max-image-preview":"max-image-preview:large","max-video-preview":"max-video-preview:-1"},"canonical":"https:\/\/neptunoboats.com\/terms-conditions\/","og_locale":"de_DE","og_type":"article","og_title":"BUCHUNGSBEDINGUNGEN - Neptuno Boats","og_description":"BUCHUNGSBEDINGUNGEN F\u00dcR DIE MOTORBOOTVERMIETUNG Auf Kundenwunsch und Vorreservierung bieten wir die M\u00f6glichkeit, die Vorreservierung f\u00fcr f\u00fcnf Werktage aufrechtzuerhalten. Wenn der Kunde diese Option nicht innerhalb der f\u00fcnf Werktage best\u00e4tigt, wird sie automatisch storniert. Eine vollst\u00e4ndige Reservierung liegt vor, wenn der Kunde uns den unterzeichneten Vertrag per E-Mail zusendet. Bei Reservierungsbest\u00e4tigung ist eine Anzahlung von 50 [&hellip;]","og_url":"https:\/\/neptunoboats.com\/terms-conditions\/","og_site_name":"Neptuno Boats","article_modified_time":"2023-07-17T11:41:09+00:00","twitter_card":"summary_large_image","twitter_misc":{"Gesch\u00e4tzte Lesezeit":"2\u00a0Minuten"},"schema":{"@context":"https:\/\/schema.org","@graph":[{"@type":"WebPage","@id":"https:\/\/neptunoboats.com\/terms-conditions\/","url":"https:\/\/neptunoboats.com\/terms-conditions\/","name":"BUCHUNGSBEDINGUNGEN - Neptuno Boats","isPartOf":{"@id":"https:\/\/neptunoboats.com\/#website"},"datePublished":"2023-07-17T11:22:23+00:00","dateModified":"2023-07-17T11:41:09+00:00","breadcrumb":{"@id":"https:\/\/neptunoboats.com\/terms-conditions\/#breadcrumb"},"inLanguage":"de","potentialAction":[{"@type":"ReadAction","target":["https:\/\/neptunoboats.com\/terms-conditions\/"]}]},{"@type":"BreadcrumbList","@id":"https:\/\/neptunoboats.com\/terms-conditions\/#breadcrumb","itemListElement":[{"@type":"ListItem","position":1,"name":"Portada","item":"https:\/\/neptunoboats.com\/"},{"@type":"ListItem","position":2,"name":"BUCHUNGSBEDINGUNGEN"}]},{"@type":"WebSite","@id":"https:\/\/neptunoboats.com\/#website","url":"https:\/\/neptunoboats.com\/","name":"Neptuno Boats","description":"Charter, alquiler y venta de embarcaciones","publisher":{"@id":"https:\/\/neptunoboats.com\/#organization"},"potentialAction":[{"@type":"SearchAction","target":{"@type":"EntryPoint","urlTemplate":"https:\/\/neptunoboats.com\/?s={search_term_string}"},"query-input":{"@type":"PropertyValueSpecification","valueRequired":true,"valueName":"search_term_string"}}],"inLanguage":"de"},{"@type":"Organization","@id":"https:\/\/neptunoboats.com\/#organization","name":"Neptuno Boats","url":"https:\/\/neptunoboats.com\/","logo":{"@type":"ImageObject","inLanguage":"de","@id":"https:\/\/neptunoboats.com\/#\/schema\/logo\/image\/","url":"https:\/\/neptunoboats.com\/wp-content\/uploads\/2023\/05\/cropped-Logo-neptuno-boats.png","contentUrl":"https:\/\/neptunoboats.com\/wp-content\/uploads\/2023\/05\/cropped-Logo-neptuno-boats.png","width":297,"height":85,"caption":"Neptuno Boats"},"image":{"@id":"https:\/\/neptunoboats.com\/#\/schema\/logo\/image\/"}}]}},"_links":{"self":[{"href":"https:\/\/neptunoboats.com\/de\/wp-json\/wp\/v2\/pages\/1244","targetHints":{"allow":["GET"]}}],"collection":[{"href":"https:\/\/neptunoboats.com\/de\/wp-json\/wp\/v2\/pages"}],"about":[{"href":"https:\/\/neptunoboats.com\/de\/wp-json\/wp\/v2\/types\/page"}],"author":[{"embeddable":true,"href":"https:\/\/neptunoboats.com\/de\/wp-json\/wp\/v2\/users\/1"}],"replies":[{"embeddable":true,"href":"https:\/\/neptunoboats.com\/de\/wp-json\/wp\/v2\/comments?post=1244"}],"version-history":[{"count":8,"href":"https:\/\/neptunoboats.com\/de\/wp-json\/wp\/v2\/pages\/1244\/revisions"}],"predecessor-version":[{"id":1276,"href":"https:\/\/neptunoboats.com\/de\/wp-json\/wp\/v2\/pages\/1244\/revisions\/1276"}],"wp:attachment":[{"href":"https:\/\/neptunoboats.com\/de\/wp-json\/wp\/v2\/media?parent=1244"}],"curies":[{"name":"wp","href":"https:\/\/api.w.org\/{rel}","templated":true}]}}